{"id":286,"date":"2016-10-31T13:17:59","date_gmt":"2016-10-31T16:17:59","guid":{"rendered":"https:\/\/ensfigueroaalcorta-cba.infd.edu.ar\/sitio\/?page_id=286"},"modified":"2025-11-27T09:41:03","modified_gmt":"2025-11-27T12:41:03","slug":"inicio","status":"publish","type":"page","link":"https:\/\/ensfigueroaalcorta-cba.infd.edu.ar\/sitio\/","title":{"rendered":"Inicio"},"content":{"rendered":"<div id=\"metaslider-id-403\" style=\"width: 100%;\" class=\"ml-slider-3-33-0 metaslider metaslider-flex metaslider-403 ml-slider ms-theme-default\" role=\"region\" aria-roledescription=\"Slideshow\" aria-label=\"Slideshow\">\n    <div id=\"metaslider_container_403\">\n        <div id=\"metaslider_403\" class=\"flexslider\">\n            <ul aria-live=\"polite\" class=\"slides\">\n                <li style=\"display: block; width: 100%;\" class=\"slide-607 ms-image\" aria-roledescription=\"slide\" aria-label=\"slide-607\"><a href=\"https:\/\/mapa.infd.edu.ar\/\" target=\"_blank\"><img src=\"https:\/\/ensfigueroaalcorta-cba.infd.edu.ar\/sitio\/wp-content\/uploads\/2018\/06\/mapa_infd6-1100x200.png\" height=\"200\" width=\"1100\" alt=\"\" class=\"slider-403 slide-607\" title=\"mapa_infd6\" \/><\/a><\/li>\n                <li style=\"display: none; width: 100%;\" class=\"slide-609 ms-image\" aria-roledescription=\"slide\" aria-label=\"slide-609\"><a href=\"https:\/\/www.argentina.gob.ar\/educacion\/becas\" target=\"_blank\"><img src=\"https:\/\/ensfigueroaalcorta-cba.infd.edu.ar\/sitio\/wp-content\/uploads\/2018\/06\/becas7-1100x200.png\" height=\"200\" width=\"1100\" alt=\"\" class=\"slider-403 slide-609\" title=\"becas7\" \/><\/a><\/li>\n                <li style=\"display: none; width: 100%;\" class=\"slide-635 ms-image\" aria-roledescription=\"slide\" aria-label=\"slide-635\"><a href=\"https:\/\/www.argentina.gob.ar\/tema\/estudiar\/formacion-docencia\" target=\"_blank\"><img src=\"https:\/\/ensfigueroaalcorta-cba.infd.edu.ar\/sitio\/wp-content\/uploads\/2018\/06\/convocatorias_slide6-1-1100x200.png\" height=\"200\" width=\"1100\" alt=\"\" class=\"slider-403 slide-635\" title=\"convocatorias_slide6-1\" \/><\/a><\/li>\n            <\/ul>\n        <\/div>\n        \n    <\/div>\n<\/div>\n<p><img decoding=\"async\" loading=\"lazy\" class=\"alignnone size-medium wp-image-935 aligncenter\" src=\"https:\/\/ensfigueroaalcorta-cba.infd.edu.ar\/sitio\/wp-content\/uploads\/2025\/11\/WhatsApp-Image-2025-11-27-at-09.29.20-707x1000.jpeg\" alt=\"\" width=\"707\" height=\"1000\" srcset=\"https:\/\/ensfigueroaalcorta-cba.infd.edu.ar\/sitio\/wp-content\/uploads\/2025\/11\/WhatsApp-Image-2025-11-27-at-09.29.20-707x1000.jpeg 707w, https:\/\/ensfigueroaalcorta-cba.infd.edu.ar\/sitio\/wp-content\/uploads\/2025\/11\/WhatsApp-Image-2025-11-27-at-09.29.20-768x1086.jpeg 768w, https:\/\/ensfigueroaalcorta-cba.infd.edu.ar\/sitio\/wp-content\/uploads\/2025\/11\/WhatsApp-Image-2025-11-27-at-09.29.20-1086x1536.jpeg 1086w, https:\/\/ensfigueroaalcorta-cba.infd.edu.ar\/sitio\/wp-content\/uploads\/2025\/11\/WhatsApp-Image-2025-11-27-at-09.29.20.jpeg 1131w\" sizes=\"(max-width: 707px) 100vw, 707px\" \/><\/p>\n<p style=\"text-align: left;\">\u00a0<\/p>\n<p><iframe loading=\"lazy\" title=\"Pre Inscripci\u00f3n 2026\" width=\"1200\" height=\"675\" src=\"https:\/\/www.youtube.com\/embed\/5AwwebRulxs?feature=oembed\" frameborder=\"0\" allow=\"accelerometer; autoplay; clipboard-write; encrypted-media; gyroscope; picture-in-picture; web-share\" referrerpolicy=\"strict-origin-when-cross-origin\" allowfullscreen><\/iframe><\/p>\n<p>&nbsp;<\/p>\n<p style=\"text-align: left;\"><img decoding=\"async\" loading=\"lazy\" style=\"float: left;\" src=\"https:\/\/ensfigueroaalcorta-cba.infd.edu.ar\/sitio\/wp-content\/uploads\/2018\/08\/facebook.png\" width=\"36\" height=\"36\" border=\"0\" \/><\/p>\n<p><span style=\"color: #3366ff;\">\u00a0<\/span><span style=\"font-size: 10.6666669845581px; color: #3366ff;\"><strong><span style=\"font-size: 10.6666669845581px; color: #3366ff;\"><a title=\"Comunidad Educativa\" href=\"https:\/\/www.facebook.com\/groups\/315956658481698\/?fref=ts\" target=\"_blank\" rel=\"noopener\">\u00a0<\/a><a title=\"Comunidad Educativa\" href=\"https:\/\/www.facebook.com\/groups\/315956658481698\/?fref=ts\" target=\"_blank\" rel=\"noopener\">Facebook Comunidad Educativa<\/a><\/span><\/strong><\/span><\/p>\n<p><img decoding=\"async\" loading=\"lazy\" class=\"\" src=\"https:\/\/upload.wikimedia.org\/wikipedia\/commons\/9\/95\/Instagram_logo_2022.svg\" alt=\"Instagram - Wikipedia, la enciclopedia libre\" width=\"42\" height=\"42\" \/>\u00a0 \u00a0<a href=\"https:\/\/www.instagram.com\/ensjosefigueroaalcorta\/?hl=es-la\"><span class=\"OYPEnA font-feature-liga-off font-feature-clig-off font-feature-calt-off text-decoration-none text-strikethrough-none\">ensjosefigueroaalcorta<\/span><\/a><\/p>\n<p>&nbsp;<\/p>\n<table id=\"table1\" style=\"width: 100%; float: left;\" border=\"1\" cellspacing=\"0\" cellpadding=\"10\" align=\"center\">\n<tbody>\n<tr>\n<td style=\"border: 1px solid;\">\n<div style=\"text-align: center;\">\u00a0<span style=\"font-size: 8pt;\">La <strong>Escuela Normal Superior \u00abJos\u00e9 Figueroa Alcorta\u00bb<\/strong> de Bell Ville (C\u00f3rdoba), creada el 15 de mayo de 1909,\u00a0forma parte del sistema de educaci\u00f3n p\u00fablica de gesti\u00f3n estatal. La instituci\u00f3n cuenta con cuatro niveles: <strong>Inicial, Primario,\u00a0Medio y <\/strong><a title=\"http:\/\/profesoradonormaljfa.blogspot.com\/\" href=\"http:\/\/profesoradonormaljfa.blogspot.com\/\" target=\"_blank\" rel=\"noopener\"><strong>Superior<\/strong><\/a>. Este \u00faltimo es el <strong>Profesorado de Educaci\u00f3n Primaria<\/strong>.<\/span><\/div>\n<p><span style=\"font-size: 8pt;\"><img decoding=\"async\" src=\"https:\/\/ensfigueroaalcorta-cba.infd.edu.ar\/sitio\/wp-content\/uploads\/2018\/08\/la_red.jpg\" alt=\"Red virtual\" align=\"left\" border=\"0\" hspace=\"10\" \/><\/span><\/p>\n<p><span style=\"font-size: 8pt;\">Junto con varios cientos de Profesorados, integramos la <strong><em>Red Virtual de Institutos Superiores de Formaci\u00f3n Docente<\/em><\/strong> coordinada por el <strong>INFD<\/strong> (Instituto Nacional de Formaci\u00f3n Docente) dependiente del <strong>Ministerio de Educaci\u00f3n de la Naci\u00f3n Argentina<\/strong>.<\/span><\/p>\n<p><span style=\"font-size: 8pt;\"><a title=\"Firmar libro de visitas\" href=\"index.cgi?wAccion=guestbook\" target=\"_blank\" rel=\"noopener\">Firmar<\/a> y<a title=\"Leer libro de visitas\" href=\"index.cgi?wParam=leerBook&amp;wAccion=guestbook\"> Leer<\/a> el Libro\u00a0de visitas<\/span><\/p>\n<\/td>\n<\/tr>\n<\/tbody>\n<\/table>\n","protected":false},"excerpt":{"rendered":"<p>\u00a0 &nbsp; \u00a0\u00a0Facebook Comunidad Educativa \u00a0 \u00a0ensjosefigueroaalcorta &nbsp; \u00a0La Escuela Normal Superior \u00abJos\u00e9 Figueroa Alcorta\u00bb de Bell Ville (C\u00f3rdoba), creada el 15 de mayo de 1909,\u00a0forma parte del sistema de educaci\u00f3n p\u00fablica de gesti\u00f3n estatal. La instituci\u00f3n cuenta con cuatro niveles: Inicial, Primario,\u00a0Medio y Superior. Este \u00faltimo es el Profesorado de Educaci\u00f3n Primaria. Junto con &#8230; <a title=\"Inicio\" class=\"read-more\" href=\"https:\/\/ensfigueroaalcorta-cba.infd.edu.ar\/sitio\/\" aria-label=\"More on Inicio\">[+]<\/a><\/p>\n","protected":false},"author":1,"featured_media":0,"parent":0,"menu_order":0,"comment_status":"closed","ping_status":"closed","template":"","meta":[],"acf":[],"_links":{"self":[{"href":"https:\/\/ensfigueroaalcorta-cba.infd.edu.ar\/sitio\/wp-json\/wp\/v2\/pages\/286"}],"collection":[{"href":"https:\/\/ensfigueroaalcorta-cba.infd.edu.ar\/sitio\/wp-json\/wp\/v2\/pages"}],"about":[{"href":"https:\/\/ensfigueroaalcorta-cba.infd.edu.ar\/sitio\/wp-json\/wp\/v2\/types\/page"}],"author":[{"embeddable":true,"href":"https:\/\/ensfigueroaalcorta-cba.infd.edu.ar\/sitio\/wp-json\/wp\/v2\/users\/1"}],"replies":[{"embeddable":true,"href":"https:\/\/ensfigueroaalcorta-cba.infd.edu.ar\/sitio\/wp-json\/wp\/v2\/comments?post=286"}],"version-history":[{"count":82,"href":"https:\/\/ensfigueroaalcorta-cba.infd.edu.ar\/sitio\/wp-json\/wp\/v2\/pages\/286\/revisions"}],"predecessor-version":[{"id":941,"href":"https:\/\/ensfigueroaalcorta-cba.infd.edu.ar\/sitio\/wp-json\/wp\/v2\/pages\/286\/revisions\/941"}],"wp:attachment":[{"href":"https:\/\/ensfigueroaalcorta-cba.infd.edu.ar\/sitio\/wp-json\/wp\/v2\/media?parent=286"}],"curies":[{"name":"wp","href":"https:\/\/api.w.org\/{rel}","templated":true}]}}