{"id":821,"date":"2018-08-30T15:16:21","date_gmt":"2018-08-30T18:16:21","guid":{"rendered":"https:\/\/ensfigueroaalcorta-cba.infd.edu.ar\/sitio\/profesorado-de-educacion-primaria\/"},"modified":"2025-02-28T10:34:49","modified_gmt":"2025-02-28T13:34:49","slug":"profesorado-de-educacion-primaria","status":"publish","type":"page","link":"https:\/\/ensfigueroaalcorta-cba.infd.edu.ar\/sitio\/profesorado-de-educacion-primaria\/","title":{"rendered":"Profesorado de Educaci\u00f3n Primaria"},"content":{"rendered":"<p style=\"text-align: left;\"><span style=\"font-size: x-small; color: #000000; font-family: Arial;\"><img decoding=\"async\" loading=\"lazy\" class=\"aligncenter\" title=\"escudo\" src=\"https:\/\/ensfigueroaalcorta-cba.infd.edu.ar\/sitio\/wp-content\/uploads\/2018\/08\/Escudo_Escuelaweb.jpg\" alt=\"escudo\" width=\"73\" height=\"89\" border=\"0\" \/><\/span><\/p>\n<p>En la Escuela Normal Superior \u00abJos\u00e9 Figueroa Alcorta\u00bb, el Profesorado de Educaci\u00f3n Primaria se estructura en torno a un eje fundamental: <strong>formar docentes reflexivos\/as y comprometidos\/as, capaces de analizar cr\u00edticamente las dimensiones profesional y \u00e9tica de su rol.<\/strong> Esto incluye valorar el proceso de ense\u00f1anza desde una perspectiva que atienda las caracter\u00edsticas culturales, sociales y psicol\u00f3gicas de las infancias, reconociendo su diversidad y complejidad.<\/p>\n<p>La formaci\u00f3n pone un \u00e9nfasis especial en comprender el desarrollo integral de los ni\u00f1os y ni\u00f1as, considerando c\u00f3mo sus particularidades impactan en los procesos de ense\u00f1anza y aprendizaje. Este conocimiento permite a los\/as futuros\/as docentes dise\u00f1ar pr\u00e1cticas pedag\u00f3gicas inclusivas, adaptadas a las necesidades individuales y colectivas de sus estudiantes, tanto dentro del aula como en otros espacios educativos.<\/p>\n<p>El programa est\u00e1 orientado a preparar a los\/as docentes para que puedan planificar, implementar y evaluar estrategias de ense\u00f1anza innovadoras, que promuevan la adquisici\u00f3n e integraci\u00f3n de saberes conceptuales, procedimentales y actitudinales. A trav\u00e9s de esta formaci\u00f3n, los egresados ser\u00e1n mediadores en la construcci\u00f3n de aprendizajes significativos, fomentando el desarrollo cr\u00edtico y aut\u00f3nomo de sus estudiantes.<\/p>\n<p>Para lograrlo, la propuesta educativa se organiza en tres grandes \u00e1reas de formaci\u00f3n:<\/p>\n<ol>\n<li><strong>General Pedag\u00f3gica:<\/strong> brinda herramientas te\u00f3ricas y metodol\u00f3gicas esenciales para entender y actuar en contextos educativos diversos.<\/li>\n<li><strong>Especializada:<\/strong> profundiza en las particularidades del nivel primario, abordando contenidos espec\u00edficos y estrategias did\u00e1cticas.<\/li>\n<li><strong>De Orientaci\u00f3n:<\/strong> permite incursionar en nuevas perspectivas y categor\u00edas anal\u00edticas, con \u00e9nfasis en la innovaci\u00f3n y la investigaci\u00f3n educativa.<\/li>\n<\/ol>\n<p>Adem\u00e1s, el Profesorado promueve una visi\u00f3n din\u00e1mica del desarrollo profesional, entendiendo la ense\u00f1anza como una pr\u00e1ctica en constante evoluci\u00f3n. Los futuros docentes no solo se forman para el presente, sino que tambi\u00e9n adquieren las competencias necesarias para actualizarse y perfeccionarse continuamente, respondiendo a los desaf\u00edos de una sociedad en transformaci\u00f3n.<\/p>\n<p>En este marco, la investigaci\u00f3n educativa se convierte en un pilar para interpretar fen\u00f3menos pedag\u00f3gicos, fomentar la innovaci\u00f3n y construir propuestas que impacten positivamente en la calidad de la educaci\u00f3n.<\/p>\n<p class=\"MsoNormal\"><span style=\"font-family: Verdana;\">\u00a0<\/span><\/p>\n<p style=\"text-align: left;\"><span style=\"font-size: x-small; color: #000000; font-family: Arial;\"><span style=\"font-size: 10pt;\">\u00a0<\/span><\/span><\/p>\n","protected":false},"excerpt":{"rendered":"<p>En la Escuela Normal Superior \u00abJos\u00e9 Figueroa Alcorta\u00bb, el Profesorado de Educaci\u00f3n Primaria se estructura en torno a un eje fundamental: formar docentes reflexivos\/as y comprometidos\/as, capaces de analizar cr\u00edticamente las dimensiones profesional y \u00e9tica de su rol. Esto incluye valorar el proceso de ense\u00f1anza desde una perspectiva que atienda las caracter\u00edsticas culturales, sociales y &#8230; <a title=\"Profesorado de Educaci\u00f3n Primaria\" class=\"read-more\" href=\"https:\/\/ensfigueroaalcorta-cba.infd.edu.ar\/sitio\/profesorado-de-educacion-primaria\/\" aria-label=\"More on Profesorado de Educaci\u00f3n Primaria\">[+]<\/a><\/p>\n","protected":false},"author":677,"featured_media":0,"parent":0,"menu_order":0,"comment_status":"closed","ping_status":"closed","template":"","meta":[],"acf":[],"_links":{"self":[{"href":"https:\/\/ensfigueroaalcorta-cba.infd.edu.ar\/sitio\/wp-json\/wp\/v2\/pages\/821"}],"collection":[{"href":"https:\/\/ensfigueroaalcorta-cba.infd.edu.ar\/sitio\/wp-json\/wp\/v2\/pages"}],"about":[{"href":"https:\/\/ensfigueroaalcorta-cba.infd.edu.ar\/sitio\/wp-json\/wp\/v2\/types\/page"}],"author":[{"embeddable":true,"href":"https:\/\/ensfigueroaalcorta-cba.infd.edu.ar\/sitio\/wp-json\/wp\/v2\/users\/677"}],"replies":[{"embeddable":true,"href":"https:\/\/ensfigueroaalcorta-cba.infd.edu.ar\/sitio\/wp-json\/wp\/v2\/comments?post=821"}],"version-history":[{"count":2,"href":"https:\/\/ensfigueroaalcorta-cba.infd.edu.ar\/sitio\/wp-json\/wp\/v2\/pages\/821\/revisions"}],"predecessor-version":[{"id":928,"href":"https:\/\/ensfigueroaalcorta-cba.infd.edu.ar\/sitio\/wp-json\/wp\/v2\/pages\/821\/revisions\/928"}],"wp:attachment":[{"href":"https:\/\/ensfigueroaalcorta-cba.infd.edu.ar\/sitio\/wp-json\/wp\/v2\/media?parent=821"}],"curies":[{"name":"wp","href":"https:\/\/api.w.org\/{rel}","templated":true}]}}