{"id":837,"date":"2018-08-30T15:16:29","date_gmt":"2018-08-30T18:16:29","guid":{"rendered":"https:\/\/ensfigueroaalcorta-cba.infd.edu.ar\/sitio\/datos-institucionales\/"},"modified":"2024-11-21T11:48:14","modified_gmt":"2024-11-21T14:48:14","slug":"datos-institucionales","status":"publish","type":"page","link":"https:\/\/ensfigueroaalcorta-cba.infd.edu.ar\/sitio\/datos-institucionales\/","title":{"rendered":"Datos institucionales"},"content":{"rendered":"<blockquote>\n<p align=\"center\"><span style=\"font-family: verdana,geneva;\"><strong><span style=\"color: #3366ff;\"><span style=\"font-size: 12pt;\"><span style=\"font-family: arial black,avant garde;\">ESCUELA NORMAL SUPERIOR <\/span><\/span><\/span><\/strong><\/span><\/p>\n<p align=\"center\"><span style=\"font-family: verdana,geneva;\"><strong><span style=\"color: #3366ff;\"><span style=\"font-size: 12pt;\"><span style=\"font-family: arial black,avant garde;\">\u00abJOS\u00c9 FIGUEROA ALCORTA\u00bb<\/span><\/span><\/span><\/strong><\/span><\/p>\n<p align=\"center\">\n<p align=\"center\"><strong><span style=\"font-family: verdana,geneva;\"><span style=\"color: #3366ff;\"><span style=\"font-size: 12pt;\"><span style=\"font-family: arial black,avant garde;\">PROFESORADO\u00a0\u00a0DE EDUCACI\u00d3N PRIMARIA<\/span><\/span><\/span><\/span><\/strong><\/p>\n<p align=\"center\">\n<ul>\n<li><span style=\"font-family: verdana,geneva;\"><span style=\"font-size: 12pt;\"><span style=\"font-family: arial,helvetica,sans-serif;\">Horarios de atenci\u00f3n: de 7:45\u00a0\u00a0a 12:30<\/span><\/span><\/span><\/li>\n<\/ul>\n<ul>\n<li><span style=\"font-family: verdana,geneva;\"><span style=\"font-size: 12pt;\"><span style=\"font-family: arial,helvetica,sans-serif;\">Direcci\u00f3n: 25 de mayo 135. Bell Ville, C\u00f3rdoba<\/span><\/span><\/span><\/li>\n<\/ul>\n<ul>\n<li><span style=\"font-family: verdana,geneva;\"><span style=\"font-size: 12pt;\"><span style=\"font-family: arial,helvetica,sans-serif;\">Tel\u00e9fono: 03537- 421023<\/span><\/span><\/span><\/li>\n<\/ul>\n<ul>\n<li><span style=\"font-family: verdana,geneva;\"><span style=\"font-size: 12pt;\"><span style=\"font-family: arial,helvetica,sans-serif;\">E-mail: <\/span><\/span><\/span><span style=\"font-family: verdana,geneva;\"><span style=\"font-size: 12pt;\"><span style=\"font-family: arial,helvetica,sans-serif;\">jfalcortabellville@gmail.com | ee0330325@me.cba.gov.ar<\/span><\/span><\/span><\/li>\n<\/ul>\n<\/blockquote>\n","protected":false},"excerpt":{"rendered":"<p>ESCUELA NORMAL SUPERIOR \u00abJOS\u00c9 FIGUEROA ALCORTA\u00bb PROFESORADO\u00a0\u00a0DE EDUCACI\u00d3N PRIMARIA Horarios de atenci\u00f3n: de 7:45\u00a0\u00a0a 12:30 Direcci\u00f3n: 25 de mayo 135. Bell Ville, C\u00f3rdoba Tel\u00e9fono: 03537- 421023 E-mail: jfalcortabellville@gmail.com | ee0330325@me.cba.gov.ar<\/p>\n","protected":false},"author":677,"featured_media":0,"parent":0,"menu_order":0,"comment_status":"closed","ping_status":"closed","template":"","meta":[],"acf":[],"_links":{"self":[{"href":"https:\/\/ensfigueroaalcorta-cba.infd.edu.ar\/sitio\/wp-json\/wp\/v2\/pages\/837"}],"collection":[{"href":"https:\/\/ensfigueroaalcorta-cba.infd.edu.ar\/sitio\/wp-json\/wp\/v2\/pages"}],"about":[{"href":"https:\/\/ensfigueroaalcorta-cba.infd.edu.ar\/sitio\/wp-json\/wp\/v2\/types\/page"}],"author":[{"embeddable":true,"href":"https:\/\/ensfigueroaalcorta-cba.infd.edu.ar\/sitio\/wp-json\/wp\/v2\/users\/677"}],"replies":[{"embeddable":true,"href":"https:\/\/ensfigueroaalcorta-cba.infd.edu.ar\/sitio\/wp-json\/wp\/v2\/comments?post=837"}],"version-history":[{"count":2,"href":"https:\/\/ensfigueroaalcorta-cba.infd.edu.ar\/sitio\/wp-json\/wp\/v2\/pages\/837\/revisions"}],"predecessor-version":[{"id":909,"href":"https:\/\/ensfigueroaalcorta-cba.infd.edu.ar\/sitio\/wp-json\/wp\/v2\/pages\/837\/revisions\/909"}],"wp:attachment":[{"href":"https:\/\/ensfigueroaalcorta-cba.infd.edu.ar\/sitio\/wp-json\/wp\/v2\/media?parent=837"}],"curies":[{"name":"wp","href":"https:\/\/api.w.org\/{rel}","templated":true}]}}